{"id":1895,"date":"2024-01-20T22:40:03","date_gmt":"2024-01-20T22:40:03","guid":{"rendered":"http:\/\/demo.codeglim.com\/free\/one-elementor\/?page_id=1895"},"modified":"2024-02-20T09:24:27","modified_gmt":"2024-02-20T09:24:27","slug":"home","status":"publish","type":"page","link":"https:\/\/indlacto.ro\/","title":{"rendered":"Acas\u0103"},"content":{"rendered":"\t\t<div data-elementor-type=\"wp-page\" data-elementor-id=\"1895\" class=\"elementor elementor-1895\">\n\t\t\t\t<div class=\"elementor-element elementor-element-d635017 e-flex e-con-boxed e-con e-parent\" data-id=\"d635017\" data-element_type=\"container\" data-settings=\"{&quot;content_width&quot;:&quot;boxed&quot;}\" data-core-v316-plus=\"true\">\n\t\t\t\t\t<div class=\"e-con-inner\">\n\t\t<div class=\"elementor-element elementor-element-8bf1d70 e-con-full e-flex e-con e-child\" data-id=\"8bf1d70\" data-element_type=\"container\" data-settings=\"{&quot;content_width&quot;:&quot;full&quot;}\">\n\t\t<div class=\"elementor-element elementor-element-3099f32 e-flex e-con-boxed e-con e-child\" data-id=\"3099f32\" data-element_type=\"container\" data-settings=\"{&quot;content_width&quot;:&quot;boxed&quot;}\">\n\t\t\t\t\t<div class=\"e-con-inner\">\n\t\t\t\t<div class=\"elementor-element elementor-element-29d27dc elementor-widget elementor-widget-heading\" data-id=\"29d27dc\" data-element_type=\"widget\" data-widget_type=\"heading.default\">\n\t\t\t\t<div class=\"elementor-widget-container\">\n\t\t\t<style>\/*! elementor - v3.19.0 - 07-02-2024 *\/\n.elementor-heading-title{padding:0;margin:0;line-height:1}.elementor-widget-heading .elementor-heading-title[class*=elementor-size-]>a{color:inherit;font-size:inherit;line-height:inherit}.elementor-widget-heading .elementor-heading-title.elementor-size-small{font-size:15px}.elementor-widget-heading .elementor-heading-title.elementor-size-medium{font-size:19px}.elementor-widget-heading .elementor-heading-title.elementor-size-large{font-size:29px}.elementor-widget-heading .elementor-heading-title.elementor-size-xl{font-size:39px}.elementor-widget-heading .elementor-heading-title.elementor-size-xxl{font-size:59px}<\/style><h2 class=\"elementor-heading-title elementor-size-default\">Indlacto Mure\u0219<\/h2>\t\t<\/div>\n\t\t\t\t<\/div>\n\t\t\t\t<div class=\"elementor-element elementor-element-448d087 elementor-widget elementor-widget-text-editor\" data-id=\"448d087\" data-element_type=\"widget\" data-widget_type=\"text-editor.default\">\n\t\t\t\t<div class=\"elementor-widget-container\">\n\t\t\t<style>\/*! elementor - v3.19.0 - 07-02-2024 *\/\n.elementor-widget-text-editor.elementor-drop-cap-view-stacked .elementor-drop-cap{background-color:#69727d;color:#fff}.elementor-widget-text-editor.elementor-drop-cap-view-framed .elementor-drop-cap{color:#69727d;border:3px solid;background-color:transparent}.elementor-widget-text-editor:not(.elementor-drop-cap-view-default) .elementor-drop-cap{margin-top:8px}.elementor-widget-text-editor:not(.elementor-drop-cap-view-default) .elementor-drop-cap-letter{width:1em;height:1em}.elementor-widget-text-editor .elementor-drop-cap{float:left;text-align:center;line-height:1;font-size:50px}.elementor-widget-text-editor .elementor-drop-cap-letter{display:inline-block}<\/style>\t\t\t\t<div dir=\"ltr\"><div class=\"gmail_extra\"><div class=\"gmail_quote\"><div><div>SC INDLACTO MURES\u00a0 este o societate integr\u0103, deschis\u0103, orientat\u0103 c\u0103tre client, pentru noi calitatea \u0219i siguran\u021ba produselor reprezent\u00e2nd &#8211; cartea noastr\u0103 de vizit\u0103- \u00een fa\u021ba clien\u021bilor no\u0219tri.<\/div><\/div><\/div><\/div><\/div>\t\t\t\t\t\t<\/div>\n\t\t\t\t<\/div>\n\t\t\t\t<div class=\"elementor-element elementor-element-b863a81 elementor-widget elementor-widget-button\" data-id=\"b863a81\" data-element_type=\"widget\" data-widget_type=\"button.default\">\n\t\t\t\t<div class=\"elementor-widget-container\">\n\t\t\t\t\t<div class=\"elementor-button-wrapper\">\n\t\t\t<a class=\"elementor-button elementor-button-link elementor-size-sm\" href=\"#\">\n\t\t\t\t\t\t<span class=\"elementor-button-content-wrapper\">\n\t\t\t\t\t\t<span class=\"elementor-button-icon elementor-align-icon-right\">\n\t\t\t\t<svg aria-hidden=\"true\" class=\"e-font-icon-svg e-far-arrow-alt-circle-right\" viewBox=\"0 0 512 512\" xmlns=\"http:\/\/www.w3.org\/2000\/svg\"><path d=\"M504 256C504 119 393 8 256 8S8 119 8 256s111 248 248 248 248-111 248-248zm-448 0c0-110.5 89.5-200 200-200s200 89.5 200 200-89.5 200-200 200S56 366.5 56 256zm72 20v-40c0-6.6 5.4-12 12-12h116v-67c0-10.7 12.9-16 20.5-8.5l99 99c4.7 4.7 4.7 12.3 0 17l-99 99c-7.6 7.6-20.5 2.2-20.5-8.5v-67H140c-6.6 0-12-5.4-12-12z\"><\/path><\/svg>\t\t\t<\/span>\n\t\t\t\t\t\t<span class=\"elementor-button-text\">Contact<\/span>\n\t\t<\/span>\n\t\t\t\t\t<\/a>\n\t\t<\/div>\n\t\t\t\t<\/div>\n\t\t\t\t<\/div>\n\t\t\t\t\t<\/div>\n\t\t\t\t<\/div>\n\t\t\t\t<\/div>\n\t\t<div class=\"elementor-element elementor-element-f8cb8b4 e-con-full e-flex e-con e-child\" data-id=\"f8cb8b4\" data-element_type=\"container\" data-settings=\"{&quot;content_width&quot;:&quot;full&quot;}\">\n\t\t\t\t<div class=\"elementor-element elementor-element-d03621c elementor-widget elementor-widget-image\" data-id=\"d03621c\" data-element_type=\"widget\" data-widget_type=\"image.default\">\n\t\t\t\t<div class=\"elementor-widget-container\">\n\t\t\t<style>\/*! elementor - v3.19.0 - 07-02-2024 *\/\n.elementor-widget-image{text-align:center}.elementor-widget-image a{display:inline-block}.elementor-widget-image a img[src$=\".svg\"]{width:48px}.elementor-widget-image img{vertical-align:middle;display:inline-block}<\/style>\t\t\t\t\t\t\t<figure class=\"wp-caption\">\n\t\t\t\t\t\t\t\t\t\t<img fetchpriority=\"high\" decoding=\"async\" width=\"1616\" height=\"1080\" src=\"https:\/\/indlacto.ro\/wp-content\/uploads\/2024\/02\/VPF09473.jpg\" class=\"attachment-full size-full wp-image-5763\" alt=\"\" srcset=\"https:\/\/indlacto.ro\/wp-content\/uploads\/2024\/02\/VPF09473.jpg 1616w, https:\/\/indlacto.ro\/wp-content\/uploads\/2024\/02\/VPF09473-300x200.jpg 300w, https:\/\/indlacto.ro\/wp-content\/uploads\/2024\/02\/VPF09473-1024x684.jpg 1024w, https:\/\/indlacto.ro\/wp-content\/uploads\/2024\/02\/VPF09473-768x513.jpg 768w, https:\/\/indlacto.ro\/wp-content\/uploads\/2024\/02\/VPF09473-1536x1027.jpg 1536w\" sizes=\"(max-width: 1616px) 100vw, 1616px\" \/>\t\t\t\t\t\t\t\t\t\t\t<figcaption class=\"widget-image-caption wp-caption-text\"><\/figcaption>\n\t\t\t\t\t\t\t\t\t\t<\/figure>\n\t\t\t\t\t\t\t<\/div>\n\t\t\t\t<\/div>\n\t\t\t\t<\/div>\n\t\t\t\t\t<\/div>\n\t\t\t\t<\/div>\n\t\t<div class=\"elementor-element elementor-element-201b07b e-flex e-con-boxed e-con e-parent\" data-id=\"201b07b\" data-element_type=\"container\" data-settings=\"{&quot;background_background&quot;:&quot;classic&quot;,&quot;content_width&quot;:&quot;boxed&quot;}\" data-core-v316-plus=\"true\">\n\t\t\t\t\t<div class=\"e-con-inner\">\n\t\t<div class=\"elementor-element elementor-element-fde1ec6 e-con-full e-flex e-con e-child\" data-id=\"fde1ec6\" data-element_type=\"container\" data-settings=\"{&quot;content_width&quot;:&quot;full&quot;,&quot;background_background&quot;:&quot;classic&quot;}\">\n\t\t\t\t<div class=\"elementor-element elementor-element-1673dc3 elementor-widget elementor-widget-heading\" data-id=\"1673dc3\" data-element_type=\"widget\" data-widget_type=\"heading.default\">\n\t\t\t\t<div class=\"elementor-widget-container\">\n\t\t\t<h2 class=\"elementor-heading-title elementor-size-default\">Produse<\/h2>\t\t<\/div>\n\t\t\t\t<\/div>\n\t\t\t\t<\/div>\n\t\t<div class=\"elementor-element elementor-element-ed440c2 e-con-full e-flex e-con e-child\" data-id=\"ed440c2\" data-element_type=\"container\" data-settings=\"{&quot;content_width&quot;:&quot;full&quot;,&quot;background_background&quot;:&quot;classic&quot;}\">\n\t\t<div class=\"elementor-element elementor-element-f645868 e-con-full e-flex e-con e-child\" data-id=\"f645868\" data-element_type=\"container\" data-settings=\"{&quot;content_width&quot;:&quot;full&quot;}\">\n\t\t\t\t<div class=\"elementor-element elementor-element-1b538eb elementor-position-top elementor-widget elementor-widget-image-box\" data-id=\"1b538eb\" data-element_type=\"widget\" data-widget_type=\"image-box.default\">\n\t\t\t\t<div class=\"elementor-widget-container\">\n\t\t\t<style>\/*! elementor - v3.19.0 - 07-02-2024 *\/\n.elementor-widget-image-box .elementor-image-box-content{width:100%}@media (min-width:768px){.elementor-widget-image-box.elementor-position-left .elementor-image-box-wrapper,.elementor-widget-image-box.elementor-position-right .elementor-image-box-wrapper{display:flex}.elementor-widget-image-box.elementor-position-right .elementor-image-box-wrapper{text-align:right;flex-direction:row-reverse}.elementor-widget-image-box.elementor-position-left .elementor-image-box-wrapper{text-align:left;flex-direction:row}.elementor-widget-image-box.elementor-position-top .elementor-image-box-img{margin:auto}.elementor-widget-image-box.elementor-vertical-align-top .elementor-image-box-wrapper{align-items:flex-start}.elementor-widget-image-box.elementor-vertical-align-middle .elementor-image-box-wrapper{align-items:center}.elementor-widget-image-box.elementor-vertical-align-bottom .elementor-image-box-wrapper{align-items:flex-end}}@media (max-width:767px){.elementor-widget-image-box .elementor-image-box-img{margin-left:auto!important;margin-right:auto!important;margin-bottom:15px}}.elementor-widget-image-box .elementor-image-box-img{display:inline-block}.elementor-widget-image-box .elementor-image-box-title a{color:inherit}.elementor-widget-image-box .elementor-image-box-wrapper{text-align:center}.elementor-widget-image-box .elementor-image-box-description{margin:0}<\/style><div class=\"elementor-image-box-wrapper\"><figure class=\"elementor-image-box-img\"><a href=\"#\" tabindex=\"-1\"><img decoding=\"async\" width=\"2000\" height=\"2000\" src=\"https:\/\/indlacto.ro\/wp-content\/uploads\/2024\/02\/Untitled-design-2024-02-19T163936.638.png\" class=\"attachment-full size-full wp-image-5753\" alt=\"\" srcset=\"https:\/\/indlacto.ro\/wp-content\/uploads\/2024\/02\/Untitled-design-2024-02-19T163936.638.png 2000w, https:\/\/indlacto.ro\/wp-content\/uploads\/2024\/02\/Untitled-design-2024-02-19T163936.638-300x300.png 300w, https:\/\/indlacto.ro\/wp-content\/uploads\/2024\/02\/Untitled-design-2024-02-19T163936.638-1024x1024.png 1024w, https:\/\/indlacto.ro\/wp-content\/uploads\/2024\/02\/Untitled-design-2024-02-19T163936.638-150x150.png 150w, https:\/\/indlacto.ro\/wp-content\/uploads\/2024\/02\/Untitled-design-2024-02-19T163936.638-768x768.png 768w, https:\/\/indlacto.ro\/wp-content\/uploads\/2024\/02\/Untitled-design-2024-02-19T163936.638-1536x1536.png 1536w\" sizes=\"(max-width: 2000px) 100vw, 2000px\" \/><\/a><\/figure><div class=\"elementor-image-box-content\"><h3 class=\"elementor-image-box-title\"><a href=\"#\">Mozzarella<\/a><\/h3><\/div><\/div>\t\t<\/div>\n\t\t\t\t<\/div>\n\t\t\t\t<\/div>\n\t\t<div class=\"elementor-element elementor-element-e7284a0 e-con-full e-flex e-con e-child\" data-id=\"e7284a0\" data-element_type=\"container\" data-settings=\"{&quot;content_width&quot;:&quot;full&quot;}\">\n\t\t\t\t<div class=\"elementor-element elementor-element-b5ef08c elementor-position-top elementor-widget elementor-widget-image-box\" data-id=\"b5ef08c\" data-element_type=\"widget\" data-widget_type=\"image-box.default\">\n\t\t\t\t<div class=\"elementor-widget-container\">\n\t\t\t<div class=\"elementor-image-box-wrapper\"><figure class=\"elementor-image-box-img\"><a href=\"#\" tabindex=\"-1\"><img decoding=\"async\" width=\"2000\" height=\"2000\" src=\"https:\/\/indlacto.ro\/wp-content\/uploads\/2024\/02\/ALP_6801-Edit_bluebg-2.jpg\" class=\"attachment-full size-full wp-image-5754\" alt=\"\" srcset=\"https:\/\/indlacto.ro\/wp-content\/uploads\/2024\/02\/ALP_6801-Edit_bluebg-2.jpg 2000w, https:\/\/indlacto.ro\/wp-content\/uploads\/2024\/02\/ALP_6801-Edit_bluebg-2-300x300.jpg 300w, https:\/\/indlacto.ro\/wp-content\/uploads\/2024\/02\/ALP_6801-Edit_bluebg-2-1024x1024.jpg 1024w, https:\/\/indlacto.ro\/wp-content\/uploads\/2024\/02\/ALP_6801-Edit_bluebg-2-150x150.jpg 150w, https:\/\/indlacto.ro\/wp-content\/uploads\/2024\/02\/ALP_6801-Edit_bluebg-2-768x768.jpg 768w, https:\/\/indlacto.ro\/wp-content\/uploads\/2024\/02\/ALP_6801-Edit_bluebg-2-1536x1536.jpg 1536w\" sizes=\"(max-width: 2000px) 100vw, 2000px\" \/><\/a><\/figure><div class=\"elementor-image-box-content\"><h3 class=\"elementor-image-box-title\"><a href=\"#\">Mascarpone<\/a><\/h3><\/div><\/div>\t\t<\/div>\n\t\t\t\t<\/div>\n\t\t\t\t<\/div>\n\t\t<div class=\"elementor-element elementor-element-d374a01 e-con-full e-flex e-con e-child\" data-id=\"d374a01\" data-element_type=\"container\" data-settings=\"{&quot;content_width&quot;:&quot;full&quot;}\">\n\t\t\t\t<div class=\"elementor-element elementor-element-7f3cde0 elementor-position-top elementor-widget elementor-widget-image-box\" data-id=\"7f3cde0\" data-element_type=\"widget\" data-widget_type=\"image-box.default\">\n\t\t\t\t<div class=\"elementor-widget-container\">\n\t\t\t<div class=\"elementor-image-box-wrapper\"><figure class=\"elementor-image-box-img\"><a href=\"#\" tabindex=\"-1\"><img loading=\"lazy\" decoding=\"async\" width=\"2000\" height=\"2000\" src=\"https:\/\/indlacto.ro\/wp-content\/uploads\/2024\/02\/ALP_6797-Edit_bluebg-1.jpg\" class=\"attachment-full size-full wp-image-5752\" alt=\"\" srcset=\"https:\/\/indlacto.ro\/wp-content\/uploads\/2024\/02\/ALP_6797-Edit_bluebg-1.jpg 2000w, https:\/\/indlacto.ro\/wp-content\/uploads\/2024\/02\/ALP_6797-Edit_bluebg-1-300x300.jpg 300w, https:\/\/indlacto.ro\/wp-content\/uploads\/2024\/02\/ALP_6797-Edit_bluebg-1-1024x1024.jpg 1024w, https:\/\/indlacto.ro\/wp-content\/uploads\/2024\/02\/ALP_6797-Edit_bluebg-1-150x150.jpg 150w, https:\/\/indlacto.ro\/wp-content\/uploads\/2024\/02\/ALP_6797-Edit_bluebg-1-768x768.jpg 768w, https:\/\/indlacto.ro\/wp-content\/uploads\/2024\/02\/ALP_6797-Edit_bluebg-1-1536x1536.jpg 1536w\" sizes=\"(max-width: 2000px) 100vw, 2000px\" \/><\/a><\/figure><div class=\"elementor-image-box-content\"><h3 class=\"elementor-image-box-title\"><a href=\"#\">Mozzarella R\u0103zuit\u0103<\/a><\/h3><\/div><\/div>\t\t<\/div>\n\t\t\t\t<\/div>\n\t\t\t\t<\/div>\n\t\t\t\t<\/div>\n\t\t\t\t\t<\/div>\n\t\t\t\t<\/div>\n\t\t<div class=\"elementor-element elementor-element-86ec7f0 e-flex e-con-boxed e-con e-parent\" data-id=\"86ec7f0\" data-element_type=\"container\" data-settings=\"{&quot;content_width&quot;:&quot;boxed&quot;}\" data-core-v316-plus=\"true\">\n\t\t\t\t\t<div class=\"e-con-inner\">\n\t\t<div class=\"elementor-element elementor-element-47a6720 e-con-full e-flex e-con e-child\" data-id=\"47a6720\" data-element_type=\"container\" data-settings=\"{&quot;content_width&quot;:&quot;full&quot;}\">\n\t\t\t\t<div class=\"elementor-element elementor-element-c334f42 elementor-widget elementor-widget-heading\" data-id=\"c334f42\" data-element_type=\"widget\" data-widget_type=\"heading.default\">\n\t\t\t\t<div class=\"elementor-widget-container\">\n\t\t\t<h2 class=\"elementor-heading-title elementor-size-default\">30 Ani de calitate !<\/h2>\t\t<\/div>\n\t\t\t\t<\/div>\n\t\t\t\t<div class=\"elementor-element elementor-element-8221783 elementor-widget elementor-widget-heading\" data-id=\"8221783\" data-element_type=\"widget\" data-widget_type=\"heading.default\">\n\t\t\t\t<div class=\"elementor-widget-container\">\n\t\t\t<h2 class=\"elementor-heading-title elementor-size-default\">Despre Noi<\/h2>\t\t<\/div>\n\t\t\t\t<\/div>\n\t\t\t\t<div class=\"elementor-element elementor-element-a554aa9 elementor-widget elementor-widget-text-editor\" data-id=\"a554aa9\" data-element_type=\"widget\" data-widget_type=\"text-editor.default\">\n\t\t\t\t<div class=\"elementor-widget-container\">\n\t\t\t\t\t\t\t\t\t\t\t\t\t<\/div>\n\t\t\t\t<\/div>\n\t\t\t\t<\/div>\n\t\t<div class=\"elementor-element elementor-element-3e2784e e-con-full e-flex e-con e-child\" data-id=\"3e2784e\" data-element_type=\"container\" data-settings=\"{&quot;content_width&quot;:&quot;full&quot;}\">\n\t\t\t\t<div class=\"elementor-element elementor-element-7ac3790 elementor-widget elementor-widget-image\" data-id=\"7ac3790\" data-element_type=\"widget\" data-widget_type=\"image.default\">\n\t\t\t\t<div class=\"elementor-widget-container\">\n\t\t\t\t\t\t\t\t\t\t\t\t\t<img loading=\"lazy\" decoding=\"async\" width=\"1616\" height=\"1080\" src=\"https:\/\/indlacto.ro\/wp-content\/uploads\/2024\/02\/VPF09456.jpg\" class=\"attachment-full size-full wp-image-5770\" alt=\"\" srcset=\"https:\/\/indlacto.ro\/wp-content\/uploads\/2024\/02\/VPF09456.jpg 1616w, https:\/\/indlacto.ro\/wp-content\/uploads\/2024\/02\/VPF09456-300x200.jpg 300w, https:\/\/indlacto.ro\/wp-content\/uploads\/2024\/02\/VPF09456-1024x684.jpg 1024w, https:\/\/indlacto.ro\/wp-content\/uploads\/2024\/02\/VPF09456-768x513.jpg 768w, https:\/\/indlacto.ro\/wp-content\/uploads\/2024\/02\/VPF09456-1536x1027.jpg 1536w\" sizes=\"(max-width: 1616px) 100vw, 1616px\" \/>\t\t\t\t\t\t\t\t\t\t\t\t\t<\/div>\n\t\t\t\t<\/div>\n\t\t<div class=\"elementor-element elementor-element-a7b05f2 e-flex e-con-boxed e-con e-child\" data-id=\"a7b05f2\" data-element_type=\"container\" data-settings=\"{&quot;position&quot;:&quot;absolute&quot;,&quot;content_width&quot;:&quot;boxed&quot;}\">\n\t\t\t\t\t<div class=\"e-con-inner\">\n\t\t\t\t\t<\/div>\n\t\t\t\t<\/div>\n\t\t\t\t<\/div>\n\t\t\t\t\t<\/div>\n\t\t\t\t<\/div>\n\t\t<div class=\"elementor-element elementor-element-3eac86d e-flex e-con-boxed e-con e-parent\" data-id=\"3eac86d\" data-element_type=\"container\" data-settings=\"{&quot;background_background&quot;:&quot;classic&quot;,&quot;shape_divider_top&quot;:&quot;opacity-tilt&quot;,&quot;content_width&quot;:&quot;boxed&quot;}\" data-core-v316-plus=\"true\">\n\t\t\t\t\t<div class=\"e-con-inner\">\n\t\t\t\t<div class=\"elementor-shape elementor-shape-top\" data-negative=\"false\">\n\t\t\t<svg xmlns=\"http:\/\/www.w3.org\/2000\/svg\" viewBox=\"0 0 2600 131.1\" preserveAspectRatio=\"none\">\n\t<path class=\"elementor-shape-fill\" d=\"M0 0L2600 0 2600 69.1 0 0z\"\/>\n\t<path class=\"elementor-shape-fill\" style=\"opacity:0.5\" d=\"M0 0L2600 0 2600 69.1 0 69.1z\"\/>\n\t<path class=\"elementor-shape-fill\" style=\"opacity:0.25\" d=\"M2600 0L0 0 0 130.1 2600 69.1z\"\/>\n<\/svg>\t\t<\/div>\n\t\t\t\t<div class=\"elementor-element elementor-element-991c89c elementor-widget elementor-widget-heading\" data-id=\"991c89c\" data-element_type=\"widget\" data-widget_type=\"heading.default\">\n\t\t\t\t<div class=\"elementor-widget-container\">\n\t\t\t<h2 class=\"elementor-heading-title elementor-size-default\">Contacteaz\u0103-ne acum !<\/h2>\t\t<\/div>\n\t\t\t\t<\/div>\n\t\t\t\t<div class=\"elementor-element elementor-element-49c1437 elementor-widget elementor-widget-text-editor\" data-id=\"49c1437\" data-element_type=\"widget\" data-widget_type=\"text-editor.default\">\n\t\t\t\t<div class=\"elementor-widget-container\">\n\t\t\t\t\t\t\t<p>Pentru Informa\u021bii despre produse \u0219i comenzi v\u0103 rug\u0103m s\u0103 ne contacta\u021bi<\/p>\t\t\t\t\t\t<\/div>\n\t\t\t\t<\/div>\n\t\t\t\t<div class=\"elementor-element elementor-element-6bbae4e elementor-widget elementor-widget-button\" data-id=\"6bbae4e\" data-element_type=\"widget\" data-widget_type=\"button.default\">\n\t\t\t\t<div class=\"elementor-widget-container\">\n\t\t\t\t\t<div class=\"elementor-button-wrapper\">\n\t\t\t<a class=\"elementor-button elementor-button-link elementor-size-sm\" href=\"tel:+40%20265%20253%20233\">\n\t\t\t\t\t\t<span class=\"elementor-button-content-wrapper\">\n\t\t\t\t\t\t<span class=\"elementor-button-icon elementor-align-icon-left\">\n\t\t\t\t<svg aria-hidden=\"true\" class=\"e-font-icon-svg e-fas-phone-alt\" viewBox=\"0 0 512 512\" xmlns=\"http:\/\/www.w3.org\/2000\/svg\"><path d=\"M497.39 361.8l-112-48a24 24 0 0 0-28 6.9l-49.6 60.6A370.66 370.66 0 0 1 130.6 204.11l60.6-49.6a23.94 23.94 0 0 0 6.9-28l-48-112A24.16 24.16 0 0 0 122.6.61l-104 24A24 24 0 0 0 0 48c0 256.5 207.9 464 464 464a24 24 0 0 0 23.4-18.6l24-104a24.29 24.29 0 0 0-14.01-27.6z\"><\/path><\/svg>\t\t\t<\/span>\n\t\t\t\t\t\t<span class=\"elementor-button-text\">+40 265 253 233<\/span>\n\t\t<\/span>\n\t\t\t\t\t<\/a>\n\t\t<\/div>\n\t\t\t\t<\/div>\n\t\t\t\t<\/div>\n\t\t\t\t\t<\/div>\n\t\t\t\t<\/div>\n\t\t\t\t<\/div>\n\t\t","protected":false},"excerpt":{"rendered":"<p>Indlacto Mure\u0219 SC INDLACTO MURES\u00a0 este o societate integr\u0103, deschis\u0103, orientat\u0103 c\u0103tre client, pentru noi calitatea \u0219i siguran\u021ba produselor reprezent\u00e2nd &#8211; cartea noastr\u0103 de vizit\u0103- \u00een fa\u021ba clien\u021bilor [&hellip;]<\/p>\n","protected":false},"author":1,"featured_media":0,"parent":0,"menu_order":0,"comment_status":"closed","ping_status":"closed","template":"","meta":{"footnotes":""},"class_list":["post-1895","page","type-page","status-publish","hentry"],"_links":{"self":[{"href":"https:\/\/indlacto.ro\/index.php?rest_route=\/wp\/v2\/pages\/1895","targetHints":{"allow":["GET"]}}],"collection":[{"href":"https:\/\/indlacto.ro\/index.php?rest_route=\/wp\/v2\/pages"}],"about":[{"href":"https:\/\/indlacto.ro\/index.php?rest_route=\/wp\/v2\/types\/page"}],"author":[{"embeddable":true,"href":"https:\/\/indlacto.ro\/index.php?rest_route=\/wp\/v2\/users\/1"}],"replies":[{"embeddable":true,"href":"https:\/\/indlacto.ro\/index.php?rest_route=%2Fwp%2Fv2%2Fcomments&post=1895"}],"version-history":[{"count":53,"href":"https:\/\/indlacto.ro\/index.php?rest_route=\/wp\/v2\/pages\/1895\/revisions"}],"predecessor-version":[{"id":5857,"href":"https:\/\/indlacto.ro\/index.php?rest_route=\/wp\/v2\/pages\/1895\/revisions\/5857"}],"wp:attachment":[{"href":"https:\/\/indlacto.ro\/index.php?rest_route=%2Fwp%2Fv2%2Fmedia&parent=1895"}],"curies":[{"name":"wp","href":"https:\/\/api.w.org\/{rel}","templated":true}]}}